{"id":1802,"date":"2024-07-01T10:00:55","date_gmt":"2024-07-01T10:00:55","guid":{"rendered":"https:\/\/sitetemp.inforabreu.pt\/esfmp\/?page_id=1802"},"modified":"2026-03-01T23:04:24","modified_gmt":"2026-03-01T23:04:24","slug":"servico-psicologia-orientacao","status":"publish","type":"page","link":"https:\/\/esfmp.pt\/index.php\/servico-psicologia-orientacao\/","title":{"rendered":"Servi\u00e7o Psicologia e Orienta\u00e7\u00e3o"},"content":{"rendered":"\t\t<div data-elementor-type=\"wp-page\" data-elementor-id=\"1802\" class=\"elementor elementor-1802\">\n\t\t\t\t\t\t<section class=\"elementor-section elementor-top-section elementor-element elementor-element-ed4b8fb elementor-section-height-min-height elementor-section-items-bottom elementor-section-content-middle elementor-section-boxed elementor-section-height-default\" data-id=\"ed4b8fb\" data-element_type=\"section\" data-e-type=\"section\" data-settings=\"{&quot;background_background&quot;:&quot;classic&quot;}\">\n\t\t\t\t\t\t<div class=\"elementor-container elementor-column-gap-default\">\n\t\t\t\t\t<div class=\"elementor-column elementor-col-100 elementor-top-column elementor-element elementor-element-b2718af\" data-id=\"b2718af\" data-element_type=\"column\" data-e-type=\"column\">\n\t\t\t<div class=\"elementor-widget-wrap\">\n\t\t\t\t\t\t\t<\/div>\n\t\t<\/div>\n\t\t\t\t\t<\/div>\n\t\t<\/section>\n\t\t\t\t<section class=\"elementor-section elementor-top-section elementor-element elementor-element-8e9e6a3 elementor-section-boxed elementor-section-height-default elementor-section-height-default\" data-id=\"8e9e6a3\" data-element_type=\"section\" data-e-type=\"section\">\n\t\t\t\t\t\t<div class=\"elementor-container elementor-column-gap-default\">\n\t\t\t\t\t<div class=\"elementor-column elementor-col-100 elementor-top-column elementor-element elementor-element-993f3da\" data-id=\"993f3da\" data-element_type=\"column\" data-e-type=\"column\">\n\t\t\t<div class=\"elementor-widget-wrap elementor-element-populated\">\n\t\t\t\t\t\t<div class=\"elementor-element elementor-element-8d4dd8d elementor-widget elementor-widget-text-editor\" data-id=\"8d4dd8d\" data-element_type=\"widget\" data-e-type=\"widget\" data-widget_type=\"text-editor.default\">\n\t\t\t\t<div class=\"elementor-widget-container\">\n\t\t\t\t\t\t\t\t\t<p style=\"text-align: justify;\">Os Servi\u00e7os de Psicologia e Orienta\u00e7\u00e3o (SPO) em Contexto Escolar constituem-se como um recurso da escola que concorre \u00a0para a concretiza\u00e7\u00e3o dos desafios da Estrat\u00e9gia 2020, no que respeita \u00e0\u00a0melhoria do sucesso educativo, \u00e0 redu\u00e7\u00e3o do abandono escolar precoce,\u00a0\u00e0 atratividade do ensino profissional e \u00e0 melhoria do ajustamento entre as compet\u00eancias dos jovens e as necessidades do mercado de trabalho.\u00a0<\/p><p style=\"text-align: justify;\">Atuam de forma integrada e em estreita\u00a0articula\u00e7\u00e3o com a comunidade educativa, corpo docente e n\u00e3o docente, pais e encarregados de educa\u00e7\u00e3o, outros agentes educativos do meio envolvente.\u00a0Desenvolvem a sua atividade nos dom\u00ednios do apoio psicopedag\u00f3gico a alunos e professores, do desenvolvimento do sistema de rela\u00e7\u00f5es da comunidade escolar e da orienta\u00e7\u00e3o ao longo da vida.<\/p><p style=\"text-align: justify;\">Em termos individuais, pretende ajudar os alunos a conceber e a p\u00f4r em pr\u00e1tica os seus projetos pessoais (de estudos e profissionais), procurando que tenham em conta o desenvolvimento e aperfei\u00e7oamento futuros e que tomem medidas com vista ao sucesso nas etapas escolares e profissionais seguintes. Para tal s\u00e3o realizadas atividades, individual ou coletivamente, recorrendo-se sempre que poss\u00edvel \u00e0 colabora\u00e7\u00e3o dos Encarregados de Educa\u00e7\u00e3o e Professores\/Diretores de Turma.<\/p><p>Neste sentido s\u00e3o de destacar as seguintes vertentes:<\/p><ul><li>A avalia\u00e7\u00e3o das capacidades e interesses dos alunos<\/li><li>A orienta\u00e7\u00e3o na escolha de \u00e1reas de estudo e profiss\u00f5es<\/li><li>Apoio na tomada de decis\u00f5es relacionadas com a trajet\u00f3ria acad\u00e9mica e profissional<\/li><\/ul><p style=\"text-align: justify;\">\u00c9 dada uma especial aten\u00e7\u00e3o aos alunos que t\u00eam dificuldades em tomar decis\u00f5es, que se inclinam para escolhas inadequadas, que fizeram escolhas irrefletidas, que assumem com dificuldade problemas que perturbam ou impedem o seu desenvolvimento pessoal, social, educativo ou profissional. S\u00e3o utilizados o aconselhamento individual ou em pequeno grupo, as entrevistas com Pais\/Encarregados de Educa\u00e7\u00e3o e os encaminhamentos de alunos e ou fam\u00edlias para diferentes especialistas ou institui\u00e7\u00f5es que se tornem necess\u00e1rios.<\/p>\t\t\t\t\t\t\t\t<\/div>\n\t\t\t\t<\/div>\n\t\t\t\t<div class=\"elementor-element elementor-element-7b68403 elementor-widget elementor-widget-spacer\" data-id=\"7b68403\" data-element_type=\"widget\" data-e-type=\"widget\" data-widget_type=\"spacer.default\">\n\t\t\t\t<div class=\"elementor-widget-container\">\n\t\t\t\t\t\t\t<div class=\"elementor-spacer\">\n\t\t\t<div class=\"elementor-spacer-inner\"><\/div>\n\t\t<\/div>\n\t\t\t\t\t\t<\/div>\n\t\t\t\t<\/div>\n\t\t\t\t\t<\/div>\n\t\t<\/div>\n\t\t\t\t\t<\/div>\n\t\t<\/section>\n\t\t\t\t<\/div>\n\t\t","protected":false},"excerpt":{"rendered":"<p>Os Servi\u00e7os de Psicologia e Orienta\u00e7\u00e3o (SPO) em Contexto Escolar constituem-se como um recurso da escola que concorre \u00a0para a concretiza\u00e7\u00e3o dos desafios da Estrat\u00e9gia 2020, no que respeita \u00e0\u00a0melhoria do sucesso educativo, \u00e0 redu\u00e7\u00e3o do abandono escolar precoce,\u00a0\u00e0 atratividade do ensino profissional e \u00e0 melhoria do ajustamento entre as compet\u00eancias dos jovens e as [&hellip;]<\/p>\n","protected":false},"author":1,"featured_media":0,"parent":0,"menu_order":0,"comment_status":"closed","ping_status":"closed","template":"elementor_header_footer","meta":{"_seopress_robots_primary_cat":"","_seopress_titles_title":"","_seopress_titles_desc":"","_seopress_robots_index":"","site-sidebar-layout":"no-sidebar","site-content-layout":"page-builder","ast-site-content-layout":"default","site-content-style":"default","site-sidebar-style":"default","ast-global-header-display":"","ast-banner-title-visibility":"","ast-main-header-display":"","ast-hfb-above-header-display":"","ast-hfb-below-header-display":"","ast-hfb-mobile-header-display":"","site-post-title":"","ast-breadcrumbs-content":"disabled","ast-featured-img":"disabled","footer-sml-layout":"","ast-disable-related-posts":"","theme-transparent-header-meta":"default","adv-header-id-meta":"","stick-header-meta":"","header-above-stick-meta":"","header-main-stick-meta":"","header-below-stick-meta":"","astra-migrate-meta-layouts":"default","ast-page-background-enabled":"default","ast-page-background-meta":{"desktop":{"background-color":"","background-image":"","background-repeat":"repeat","background-position":"center center","background-size":"auto","background-attachment":"scroll","background-type":"","background-media":"","overlay-type":"","overlay-color":"","overlay-opacity":"","overlay-gradient":""},"tablet":{"background-color":"","background-image":"","background-repeat":"repeat","background-position":"center center","background-size":"auto","background-attachment":"scroll","background-type":"","background-media":"","overlay-type":"","overlay-color":"","overlay-opacity":"","overlay-gradient":""},"mobile":{"background-color":"","background-image":"","background-repeat":"repeat","background-position":"center center","background-size":"auto","background-attachment":"scroll","background-type":"","background-media":"","overlay-type":"","overlay-color":"","overlay-opacity":"","overlay-gradient":""}},"ast-content-background-meta":{"desktop":{"background-color":"var(--ast-global-color-5)","background-image":"","background-repeat":"repeat","background-position":"center center","background-size":"auto","background-attachment":"scroll","background-type":"","background-media":"","overlay-type":"","overlay-color":"","overlay-opacity":"","overlay-gradient":""},"tablet":{"background-color":"var(--ast-global-color-5)","background-image":"","background-repeat":"repeat","background-position":"center center","background-size":"auto","background-attachment":"scroll","background-type":"","background-media":"","overlay-type":"","overlay-color":"","overlay-opacity":"","overlay-gradient":""},"mobile":{"background-color":"var(--ast-global-color-5)","background-image":"","background-repeat":"repeat","background-position":"center center","background-size":"auto","background-attachment":"scroll","background-type":"","background-media":"","overlay-type":"","overlay-color":"","overlay-opacity":"","overlay-gradient":""}},"footnotes":""},"class_list":["post-1802","page","type-page","status-publish","hentry"],"_links":{"self":[{"href":"https:\/\/esfmp.pt\/index.php\/wp-json\/wp\/v2\/pages\/1802","targetHints":{"allow":["GET"]}}],"collection":[{"href":"https:\/\/esfmp.pt\/index.php\/wp-json\/wp\/v2\/pages"}],"about":[{"href":"https:\/\/esfmp.pt\/index.php\/wp-json\/wp\/v2\/types\/page"}],"author":[{"embeddable":true,"href":"https:\/\/esfmp.pt\/index.php\/wp-json\/wp\/v2\/users\/1"}],"replies":[{"embeddable":true,"href":"https:\/\/esfmp.pt\/index.php\/wp-json\/wp\/v2\/comments?post=1802"}],"version-history":[{"count":40,"href":"https:\/\/esfmp.pt\/index.php\/wp-json\/wp\/v2\/pages\/1802\/revisions"}],"predecessor-version":[{"id":6509,"href":"https:\/\/esfmp.pt\/index.php\/wp-json\/wp\/v2\/pages\/1802\/revisions\/6509"}],"wp:attachment":[{"href":"https:\/\/esfmp.pt\/index.php\/wp-json\/wp\/v2\/media?parent=1802"}],"curies":[{"name":"wp","href":"https:\/\/api.w.org\/{rel}","templated":true}]}}