{"id":1812,"date":"2024-07-01T10:02:08","date_gmt":"2024-07-01T10:02:08","guid":{"rendered":"https:\/\/sitetemp.inforabreu.pt\/esfmp\/?page_id=1812"},"modified":"2026-03-03T00:15:33","modified_gmt":"2026-03-03T00:15:33","slug":"gabinete-apoio-social-aluno-familia","status":"publish","type":"page","link":"https:\/\/esfmp.pt\/index.php\/gabinete-apoio-social-aluno-familia\/","title":{"rendered":"Gabinete Apoio Social ao Aluno e Fam\u00edlia"},"content":{"rendered":"\t\t<div data-elementor-type=\"wp-page\" data-elementor-id=\"1812\" class=\"elementor elementor-1812\">\n\t\t\t\t\t\t<section class=\"elementor-section elementor-top-section elementor-element elementor-element-ed4b8fb elementor-section-height-min-height elementor-section-items-bottom elementor-section-content-middle elementor-section-boxed elementor-section-height-default\" data-id=\"ed4b8fb\" data-element_type=\"section\" data-e-type=\"section\" data-settings=\"{&quot;background_background&quot;:&quot;classic&quot;}\">\n\t\t\t\t\t\t<div class=\"elementor-container elementor-column-gap-default\">\n\t\t\t\t\t<div class=\"elementor-column elementor-col-100 elementor-top-column elementor-element elementor-element-171f4ce\" data-id=\"171f4ce\" data-element_type=\"column\" data-e-type=\"column\">\n\t\t\t<div class=\"elementor-widget-wrap\">\n\t\t\t\t\t\t\t<\/div>\n\t\t<\/div>\n\t\t\t\t\t<\/div>\n\t\t<\/section>\n\t\t\t\t<section class=\"elementor-section elementor-top-section elementor-element elementor-element-8e9e6a3 elementor-section-boxed elementor-section-height-default elementor-section-height-default\" data-id=\"8e9e6a3\" data-element_type=\"section\" data-e-type=\"section\">\n\t\t\t\t\t\t<div class=\"elementor-container elementor-column-gap-default\">\n\t\t\t\t\t<div class=\"elementor-column elementor-col-100 elementor-top-column elementor-element elementor-element-993f3da\" data-id=\"993f3da\" data-element_type=\"column\" data-e-type=\"column\">\n\t\t\t<div class=\"elementor-widget-wrap elementor-element-populated\">\n\t\t\t\t\t\t<div class=\"elementor-element elementor-element-26c4a5e elementor-widget elementor-widget-text-editor\" data-id=\"26c4a5e\" data-element_type=\"widget\" data-e-type=\"widget\" data-widget_type=\"text-editor.default\">\n\t\t\t\t<div class=\"elementor-widget-container\">\n\t\t\t\t\t\t\t\t\t<p style=\"font-weight: 400; text-align: center;\"><strong>GASAF- Gabinete de Apoio Social ao Aluno e \u00e0 Fam\u00edlia<\/strong><\/p><p style=\"font-weight: 400; text-align: center;\">Assistente Social: <strong>Cl\u00e1udia Zelenovic<\/strong><\/p><p style=\"font-weight: 400; text-align: center;\">Onde est\u00e1 localizado o gabinete:\u00a0 \u00a0<strong>Pavilh\u00e3o Principal<\/strong><\/p><p style=\"font-weight: 400; text-align: center;\">Destinat\u00e1rios:\u00a0 Alunos;\u00a0 Encarregados de educa\u00e7\u00e3o\/ Pais\/ Fam\u00edlia;\u00a0 Docentes;\u00a0 Assistentes Operacionais.<\/p><p style=\"font-weight: 400; text-align: center;\">Solicitar atendimento:<\/p><p style=\"font-weight: 400; text-align: center;\"><strong><a href=\"mailto:c.zelenovic@esfmp.pt\">c.zelenovic@esfmp.pt<\/a><\/strong><\/p><p style=\"font-weight: 400; text-align: center;\"><strong>\u00c1reas de atua\u00e7\u00e3o do GASAF:<\/strong><\/p><ul style=\"font-weight: 400; text-align: left;\"><li>Acompanhamento psicossocial de fam\u00edlias\/ alunos;<\/li><li>Abandono e absentismo escolar de alunos;<\/li><li>Reten\u00e7\u00e3o\/Insucesso escolar de alunos;<\/li><li>Car\u00eancia econ\u00f3mica;<\/li><li>Encaminhamento para recursos da comunidade;<\/li><li>Apoio na obten\u00e7\u00e3o de apoios sociais;<\/li><li>Imigra\u00e7\u00e3o\/regulariza\u00e7\u00e3o de documentos;<\/li><li>Situa\u00e7\u00f5es disruptivas de neglig\u00eancia e de maus tratos\u00a0(ponte com a equipa do Selo Protetor \/SPO);<\/li><li>Atendimentos a fam\u00edlias e alunos na \u00e1rea da Media\u00e7\u00e3o de conflitos;<\/li><li>Sinaliza\u00e7\u00e3o na CPCJ e ou no Tribunal de Fam\u00edlia e Menores;<\/li><li>Visitas domicili\u00e1rias.<\/li><\/ul><p style=\"font-weight: 400; text-align: center;\"><strong>Metodologias<\/strong><\/p><ul><li style=\"font-weight: 400; text-align: left;\">Apoio direto aos alunos e \u00e0s fam\u00edlias;<\/li><li style=\"font-weight: 400; text-align: left;\">Trabalho concertado com os servi\u00e7os de apoio especializado existentes no Agrupamento;<\/li><li style=\"font-weight: 400; text-align: left;\">Trabalho em parceria com entidades e organismos externos de apoio;<\/li><li style=\"font-weight: 400; text-align: left;\">Abordagem individual e\/ou em grupo, formal e\/ou informal, com o objetivo de estabelecer uma rela\u00e7\u00e3o de proximidade emp\u00e1tica com os alunos;<\/li><li style=\"font-weight: 400; text-align: left;\">Sensibiliza\u00e7\u00e3o dos alunos e das fam\u00edlias para a import\u00e2ncia da Escola na constru\u00e7\u00e3o de um projeto de vida concertado e s\u00f3lido;<\/li><li style=\"font-weight: 400; text-align: left;\">Articula\u00e7\u00e3o direta e permanente com os diretores de turma, com os \u00a0professores e com os diversos elementos da comunidade educativa;<\/li><li style=\"font-weight: 400; text-align: left;\">Acompanhamento e avalia\u00e7\u00e3o psicossocial;<\/li><li style=\"font-weight: 400; text-align: left;\">Acompanhamento tutorial;<\/li><li style=\"font-weight: 400; text-align: left;\">Reuni\u00f5es de equipa;<\/li><li style=\"font-weight: 400; text-align: left;\">Visitas domicili\u00e1rias;<\/li><li style=\"font-weight: 400; text-align: left;\">Media\u00e7\u00e3o socioeducativa.<\/li><\/ul>\t\t\t\t\t\t\t\t<\/div>\n\t\t\t\t<\/div>\n\t\t\t\t\t<\/div>\n\t\t<\/div>\n\t\t\t\t\t<\/div>\n\t\t<\/section>\n\t\t\t\t<\/div>\n\t\t","protected":false},"excerpt":{"rendered":"<p>GASAF- Gabinete de Apoio Social ao Aluno e \u00e0 Fam\u00edlia Assistente Social: Cl\u00e1udia Zelenovic Onde est\u00e1 localizado o gabinete:\u00a0 \u00a0Pavilh\u00e3o Principal Destinat\u00e1rios:\u00a0 Alunos;\u00a0 Encarregados de educa\u00e7\u00e3o\/ Pais\/ Fam\u00edlia;\u00a0 Docentes;\u00a0 Assistentes Operacionais. Solicitar atendimento: c.zelenovic@esfmp.pt \u00c1reas de atua\u00e7\u00e3o do GASAF: Acompanhamento psicossocial de fam\u00edlias\/ alunos; Abandono e absentismo escolar de alunos; Reten\u00e7\u00e3o\/Insucesso escolar de alunos; Car\u00eancia [&hellip;]<\/p>\n","protected":false},"author":1,"featured_media":0,"parent":0,"menu_order":0,"comment_status":"closed","ping_status":"closed","template":"elementor_header_footer","meta":{"_seopress_robots_primary_cat":"","_seopress_titles_title":"","_seopress_titles_desc":"","_seopress_robots_index":"","site-sidebar-layout":"no-sidebar","site-content-layout":"page-builder","ast-site-content-layout":"default","site-content-style":"default","site-sidebar-style":"default","ast-global-header-display":"","ast-banner-title-visibility":"","ast-main-header-display":"","ast-hfb-above-header-display":"","ast-hfb-below-header-display":"","ast-hfb-mobile-header-display":"","site-post-title":"","ast-breadcrumbs-content":"disabled","ast-featured-img":"disabled","footer-sml-layout":"","ast-disable-related-posts":"","theme-transparent-header-meta":"default","adv-header-id-meta":"","stick-header-meta":"","header-above-stick-meta":"","header-main-stick-meta":"","header-below-stick-meta":"","astra-migrate-meta-layouts":"default","ast-page-background-enabled":"default","ast-page-background-meta":{"desktop":{"background-color":"","background-image":"","background-repeat":"repeat","background-position":"center center","background-size":"auto","background-attachment":"scroll","background-type":"","background-media":"","overlay-type":"","overlay-color":"","overlay-opacity":"","overlay-gradient":""},"tablet":{"background-color":"","background-image":"","background-repeat":"repeat","background-position":"center center","background-size":"auto","background-attachment":"scroll","background-type":"","background-media":"","overlay-type":"","overlay-color":"","overlay-opacity":"","overlay-gradient":""},"mobile":{"background-color":"","background-image":"","background-repeat":"repeat","background-position":"center center","background-size":"auto","background-attachment":"scroll","background-type":"","background-media":"","overlay-type":"","overlay-color":"","overlay-opacity":"","overlay-gradient":""}},"ast-content-background-meta":{"desktop":{"background-color":"var(--ast-global-color-5)","background-image":"","background-repeat":"repeat","background-position":"center center","background-size":"auto","background-attachment":"scroll","background-type":"","background-media":"","overlay-type":"","overlay-color":"","overlay-opacity":"","overlay-gradient":""},"tablet":{"background-color":"var(--ast-global-color-5)","background-image":"","background-repeat":"repeat","background-position":"center center","background-size":"auto","background-attachment":"scroll","background-type":"","background-media":"","overlay-type":"","overlay-color":"","overlay-opacity":"","overlay-gradient":""},"mobile":{"background-color":"var(--ast-global-color-5)","background-image":"","background-repeat":"repeat","background-position":"center center","background-size":"auto","background-attachment":"scroll","background-type":"","background-media":"","overlay-type":"","overlay-color":"","overlay-opacity":"","overlay-gradient":""}},"footnotes":""},"class_list":["post-1812","page","type-page","status-publish","hentry"],"_links":{"self":[{"href":"https:\/\/esfmp.pt\/index.php\/wp-json\/wp\/v2\/pages\/1812","targetHints":{"allow":["GET"]}}],"collection":[{"href":"https:\/\/esfmp.pt\/index.php\/wp-json\/wp\/v2\/pages"}],"about":[{"href":"https:\/\/esfmp.pt\/index.php\/wp-json\/wp\/v2\/types\/page"}],"author":[{"embeddable":true,"href":"https:\/\/esfmp.pt\/index.php\/wp-json\/wp\/v2\/users\/1"}],"replies":[{"embeddable":true,"href":"https:\/\/esfmp.pt\/index.php\/wp-json\/wp\/v2\/comments?post=1812"}],"version-history":[{"count":37,"href":"https:\/\/esfmp.pt\/index.php\/wp-json\/wp\/v2\/pages\/1812\/revisions"}],"predecessor-version":[{"id":6615,"href":"https:\/\/esfmp.pt\/index.php\/wp-json\/wp\/v2\/pages\/1812\/revisions\/6615"}],"wp:attachment":[{"href":"https:\/\/esfmp.pt\/index.php\/wp-json\/wp\/v2\/media?parent=1812"}],"curies":[{"name":"wp","href":"https:\/\/api.w.org\/{rel}","templated":true}]}}