{"id":2360,"date":"2024-08-20T15:18:00","date_gmt":"2024-08-20T15:18:00","guid":{"rendered":"https:\/\/sitetemp.inforabreu.pt\/esfmp\/?page_id=2360"},"modified":"2026-03-12T00:26:22","modified_gmt":"2026-03-12T00:26:22","slug":"o-conselho-pedagogico","status":"publish","type":"page","link":"https:\/\/esfmp.pt\/index.php\/o-conselho-pedagogico\/","title":{"rendered":"O Conselho Pedag\u00f3gico"},"content":{"rendered":"\t\t<div data-elementor-type=\"wp-page\" data-elementor-id=\"2360\" class=\"elementor elementor-2360\">\n\t\t\t\t\t\t<section class=\"elementor-section elementor-top-section elementor-element elementor-element-ed4b8fb elementor-section-height-min-height elementor-section-items-bottom elementor-section-content-middle elementor-section-boxed elementor-section-height-default\" data-id=\"ed4b8fb\" data-element_type=\"section\" data-e-type=\"section\" data-settings=\"{&quot;background_background&quot;:&quot;classic&quot;}\">\n\t\t\t\t\t\t<div class=\"elementor-container elementor-column-gap-default\">\n\t\t\t\t\t<div class=\"elementor-column elementor-col-100 elementor-top-column elementor-element elementor-element-1f1988c\" data-id=\"1f1988c\" data-element_type=\"column\" data-e-type=\"column\">\n\t\t\t<div class=\"elementor-widget-wrap\">\n\t\t\t\t\t\t\t<\/div>\n\t\t<\/div>\n\t\t\t\t\t<\/div>\n\t\t<\/section>\n\t\t\t\t<section class=\"elementor-section elementor-top-section elementor-element elementor-element-8e9e6a3 elementor-section-boxed elementor-section-height-default elementor-section-height-default\" data-id=\"8e9e6a3\" data-element_type=\"section\" data-e-type=\"section\" data-settings=\"{&quot;background_background&quot;:&quot;classic&quot;}\">\n\t\t\t\t\t\t<div class=\"elementor-container elementor-column-gap-default\">\n\t\t\t\t\t<div class=\"elementor-column elementor-col-100 elementor-top-column elementor-element elementor-element-157dd97\" data-id=\"157dd97\" data-element_type=\"column\" data-e-type=\"column\">\n\t\t\t<div class=\"elementor-widget-wrap elementor-element-populated\">\n\t\t\t\t\t\t<div class=\"elementor-element elementor-element-6a8bfc4 elementor-widget elementor-widget-text-editor\" data-id=\"6a8bfc4\" data-element_type=\"widget\" data-e-type=\"widget\" data-widget_type=\"text-editor.default\">\n\t\t\t\t<div class=\"elementor-widget-container\">\n\t\t\t\t\t\t\t\t\t<p><b>CONSELHO PEDAG\u00d3GICO<\/b><\/p><p>O Conselho Pedag\u00f3gico \u00e9 o \u00f3rg\u00e3o de coordena\u00e7\u00e3o e supervis\u00e3o pedag\u00f3gica e orienta\u00e7\u00e3o educativa do agrupamento de escolas ou escola n\u00e3o agrupada, nomeadamente nos dom\u00ednios pedag\u00f3gico-did\u00e1tico, da orienta\u00e7\u00e3o e acompanhamento dos alunos e da forma\u00e7\u00e3o inicial e cont\u00ednua do pessoal docente.<\/p>\t\t\t\t\t\t\t\t<\/div>\n\t\t\t\t<\/div>\n\t\t\t\t\t<\/div>\n\t\t<\/div>\n\t\t\t\t\t<\/div>\n\t\t<\/section>\n\t\t\t\t<section class=\"elementor-section elementor-top-section elementor-element elementor-element-ee0d8fa elementor-section-boxed elementor-section-height-default elementor-section-height-default\" data-id=\"ee0d8fa\" data-element_type=\"section\" data-e-type=\"section\" data-settings=\"{&quot;background_background&quot;:&quot;classic&quot;}\">\n\t\t\t\t\t\t<div class=\"elementor-container elementor-column-gap-default\">\n\t\t\t\t\t<div class=\"elementor-column elementor-col-100 elementor-top-column elementor-element elementor-element-bf86c09\" data-id=\"bf86c09\" data-element_type=\"column\" data-e-type=\"column\">\n\t\t\t<div class=\"elementor-widget-wrap elementor-element-populated\">\n\t\t\t\t\t\t<div class=\"elementor-element elementor-element-56866fe elementor-widget elementor-widget-text-editor\" data-id=\"56866fe\" data-element_type=\"widget\" data-e-type=\"widget\" data-widget_type=\"text-editor.default\">\n\t\t\t\t<div class=\"elementor-widget-container\">\n\t\t\t\t\t\t\t\t\t<ul><li><b>PRESIDENTE <\/b>&#8211; Maria Leonor da Silva Borges<\/li><li><b>COORDENADOR DO DEPARTAMENTO MATEM\u00c1TICA E CI\u00caNCIAS EXPERIMENTAIS <\/b>&#8211; Cristina Gon\u00e7alves<\/li><li><strong>COORDENADOR DO DEPARTAMENTO L\u00cdNGUAS &#8211; <\/strong>Isabel Lopes<\/li><li><b>COORDENADOR DO DEPARTAMENTO CI\u00caNCIAS SOCIAIS E HUMANAS <span style=\"color: #000000;\">&#8211; <\/span><\/b>Sandra Silva<\/li><li><b>COORDENADOR DO DEPARTAMENTO EXPRESS\u00d5ES &#8211; <\/b>Teresa Castro\u00a0<\/li><li><b>COORDENADOR DOS DIRETORES DE TURMA DO ENSINO B\u00c1SICO &#8211; <\/b>Teresa Louren\u00e7o<\/li><li><b>COORDENADOR DOS DIRETORES DE TURMA DO ENSINO SECUND\u00c1RIO &#8211; <\/b>Gra\u00e7a Vilhena<\/li><li><b>COORDENADOR DOS CURSOS PROFISSIONAIS &#8211; <\/b>Helena Liberato<\/li><li><strong>COORDENADORA DO GABINETE DE ESTUDOS DE AUTOAVALIA\u00c7\u00c3O<\/strong> &#8211; Ivete Saiago<\/li><li><strong>COORDENADOR DO PLANO DE DESENVOLVIMENTO PROFISSIONAL<\/strong> &#8211; Gabriel Ribeiro<\/li><li><strong>PROFESSORA BIBLIOTEC\u00c1RIA &#8211; <\/strong>Alexandra Alves<\/li><li><strong>REPRESENTANTE DA EDUCA\u00c7\u00c3O ESPECIAL &#8211; <\/strong>Karin C\u00e2mara<\/li><li><strong>REPRESENTANTE DO SERVI\u00c7O DE PSICOLOGIA E ORIENTA\u00c7\u00c3O &#8211; <\/strong>S\u00edlvia Rel\u00edquias\u00a0<\/li><li><strong>REPRESENTANTE DO GABINETE PROJETOS E RELA\u00c7\u00d5ES COM EXTERIOR &#8211; <\/strong>Filomena Mira\u00a0<\/li><\/ul>\t\t\t\t\t\t\t\t<\/div>\n\t\t\t\t<\/div>\n\t\t\t\t\t<\/div>\n\t\t<\/div>\n\t\t\t\t\t<\/div>\n\t\t<\/section>\n\t\t\t\t<\/div>\n\t\t","protected":false},"excerpt":{"rendered":"<p>CONSELHO PEDAG\u00d3GICO O Conselho Pedag\u00f3gico \u00e9 o \u00f3rg\u00e3o de coordena\u00e7\u00e3o e supervis\u00e3o pedag\u00f3gica e orienta\u00e7\u00e3o educativa do agrupamento de escolas ou escola n\u00e3o agrupada, nomeadamente nos dom\u00ednios pedag\u00f3gico-did\u00e1tico, da orienta\u00e7\u00e3o e acompanhamento dos alunos e da forma\u00e7\u00e3o inicial e cont\u00ednua do pessoal docente. PRESIDENTE &#8211; Maria Leonor da Silva Borges COORDENADOR DO DEPARTAMENTO MATEM\u00c1TICA E [&hellip;]<\/p>\n","protected":false},"author":2,"featured_media":0,"parent":0,"menu_order":0,"comment_status":"closed","ping_status":"closed","template":"","meta":{"_seopress_robots_primary_cat":"","_seopress_titles_title":"","_seopress_titles_desc":"","_seopress_robots_index":"","site-sidebar-layout":"no-sidebar","site-content-layout":"page-builder","ast-site-content-layout":"full-width-container","site-content-style":"unboxed","site-sidebar-style":"unboxed","ast-global-header-display":"","ast-banner-title-visibility":"","ast-main-header-display":"","ast-hfb-above-header-display":"","ast-hfb-below-header-display":"","ast-hfb-mobile-header-display":"","site-post-title":"","ast-breadcrumbs-content":"disabled","ast-featured-img":"disabled","footer-sml-layout":"","ast-disable-related-posts":"","theme-transparent-header-meta":"default","adv-header-id-meta":"","stick-header-meta":"","header-above-stick-meta":"","header-main-stick-meta":"","header-below-stick-meta":"","astra-migrate-meta-layouts":"set","ast-page-background-enabled":"default","ast-page-background-meta":{"desktop":{"background-color":"","background-image":"","background-repeat":"repeat","background-position":"center center","background-size":"auto","background-attachment":"scroll","background-type":"","background-media":"","overlay-type":"","overlay-color":"","overlay-opacity":"","overlay-gradient":""},"tablet":{"background-color":"","background-image":"","background-repeat":"repeat","background-position":"center center","background-size":"auto","background-attachment":"scroll","background-type":"","background-media":"","overlay-type":"","overlay-color":"","overlay-opacity":"","overlay-gradient":""},"mobile":{"background-color":"","background-image":"","background-repeat":"repeat","background-position":"center center","background-size":"auto","background-attachment":"scroll","background-type":"","background-media":"","overlay-type":"","overlay-color":"","overlay-opacity":"","overlay-gradient":""}},"ast-content-background-meta":{"desktop":{"background-color":"var(--ast-global-color-5)","background-image":"","background-repeat":"repeat","background-position":"center center","background-size":"auto","background-attachment":"scroll","background-type":"","background-media":"","overlay-type":"","overlay-color":"","overlay-opacity":"","overlay-gradient":""},"tablet":{"background-color":"var(--ast-global-color-5)","background-image":"","background-repeat":"repeat","background-position":"center center","background-size":"auto","background-attachment":"scroll","background-type":"","background-media":"","overlay-type":"","overlay-color":"","overlay-opacity":"","overlay-gradient":""},"mobile":{"background-color":"var(--ast-global-color-5)","background-image":"","background-repeat":"repeat","background-position":"center center","background-size":"auto","background-attachment":"scroll","background-type":"","background-media":"","overlay-type":"","overlay-color":"","overlay-opacity":"","overlay-gradient":""}},"footnotes":""},"class_list":["post-2360","page","type-page","status-publish","hentry"],"_links":{"self":[{"href":"https:\/\/esfmp.pt\/index.php\/wp-json\/wp\/v2\/pages\/2360","targetHints":{"allow":["GET"]}}],"collection":[{"href":"https:\/\/esfmp.pt\/index.php\/wp-json\/wp\/v2\/pages"}],"about":[{"href":"https:\/\/esfmp.pt\/index.php\/wp-json\/wp\/v2\/types\/page"}],"author":[{"embeddable":true,"href":"https:\/\/esfmp.pt\/index.php\/wp-json\/wp\/v2\/users\/2"}],"replies":[{"embeddable":true,"href":"https:\/\/esfmp.pt\/index.php\/wp-json\/wp\/v2\/comments?post=2360"}],"version-history":[{"count":164,"href":"https:\/\/esfmp.pt\/index.php\/wp-json\/wp\/v2\/pages\/2360\/revisions"}],"predecessor-version":[{"id":6885,"href":"https:\/\/esfmp.pt\/index.php\/wp-json\/wp\/v2\/pages\/2360\/revisions\/6885"}],"wp:attachment":[{"href":"https:\/\/esfmp.pt\/index.php\/wp-json\/wp\/v2\/media?parent=2360"}],"curies":[{"name":"wp","href":"https:\/\/api.w.org\/{rel}","templated":true}]}}